{"id":104,"date":"2017-06-05T15:49:25","date_gmt":"2017-06-05T19:49:25","guid":{"rendered":"http:\/\/www.janesfoods.com\/terms-and-conditions\/"},"modified":"2018-09-12T13:16:54","modified_gmt":"2018-09-12T17:16:54","slug":"terms-and-conditions","status":"publish","type":"page","link":"https:\/\/www.janesfoods.com\/fr\/terms-and-conditions\/","title":{"rendered":"Conditions g\u00e9n\u00e9rales d&rsquo;utilisation"},"content":{"rendered":"<p>ATTENTION : VEUILLEZ LIRE ATTENTIVEMENT LES PR\u00c9SENTES CONDITIONS G\u00c9N\u00c9RALES D&rsquo;UTILISATION (les \u00ab CONDITIONS \u00bb) AVANT D&rsquo;UTILISER CE SITE WEB (le \u00ab SITE \u00bb). VOTRE UTILISATION DE CE SITE SIGNIFIE QUE VOUS ACCEPTEZ CES CONDITIONS. SI VOUS N&rsquo;ACCEPTEZ PAS CES CONDITIONS, N&rsquo;UTILISEZ PAS CE SITE.<\/p>\n<h2>UTILISATION DU SITE ET DE SON CONTENU<\/h2>\n<p>Janes (une filiale de Sofina Foods Inc.), vous autorise \u00e0 visualiser, \u00e0 t\u00e9l\u00e9charger, \u00e0 envoyer par courriel et \u00e0 imprimer le contenu, l&rsquo;information, les cr\u00e9ations et\/ou le contenu de ce Site (le \u00ab Contenu \u00bb) uniquement pour un usage personnel et non commercial, sous r\u00e9serve que tous les droits d&rsquo;auteur et les autres droits de propri\u00e9t\u00e9 de Janes faisant partie du Contenu ou des copies du Contenu soient conserv\u00e9s et visibles dans ce Contenu. Il vous est interdit de modifier le Contenu de quelque fa\u00e7on que ce soit, d&rsquo;en faire la reproduction, la pr\u00e9sentation, l&rsquo;utilisation ou tout autre usage \u00e0 des fins publiques ou commerciales. Toute utilisation du Contenu sur tout autre Site ou environnement informatique en r\u00e9seau \u00e0 quelque fin que ce soit est interdite sans le consentement \u00e9crit de Janes. Le Contenu peut \u00eatre soumis \u00e0 des droits d&rsquo;auteur et \u00e0 d&rsquo;autres droits de propri\u00e9t\u00e9 intellectuelle. Toute utilisation non autoris\u00e9e de tout Contenu de ce Site peut enfreindre les lois sur les droits d&rsquo;auteur, les marques de commerce et d&rsquo;autres lois. Tous les droits qui ne sont pas express\u00e9ment accord\u00e9s sont r\u00e9serv\u00e9s. L&rsquo;utilisation du nom Janes, du logo ou de la marque de commerce Janes ou de tout autre nom, de tout autre logo ou de toute autre marque de commerce de Janes (les \u00ab Marques de commerce \u00bb), autre que celles ou ceux express\u00e9ment pr\u00e9vus aux Conditions g\u00e9n\u00e9rales, est strictement interdite. Si vous contrevenez \u00e0 l&rsquo;une ou l&rsquo;autre des pr\u00e9sentes Conditions, votre acc\u00e8s au site et \u00e0 son contenu sera automatiquement retir\u00e9 et vous devrez imm\u00e9diatement d\u00e9truire tout contenu t\u00e9l\u00e9charg\u00e9 ou imprim\u00e9.<\/p>\n<h2>SOUMISSIONS DE L&rsquo;UTILISATEUR<\/h2>\n<p>Sauf disposition contraire dans la Politique de confidentialit\u00e9, tout Contenu, renseignement personnel ou autre communication (les \u00ab Communications \u00bb) que vous transmettez ou envoyez au site sera consid\u00e9r\u00e9 non confidentiel et non exclusif. Janes n&rsquo;aura aucune obligation \u00e0 l&rsquo;\u00e9gard des communications. Janes et ses repr\u00e9sentants seront libres de copier, divulguer, distribuer, int\u00e9grer et d&rsquo;utiliser autrement les Communications et l&rsquo;ensemble des donn\u00e9es, images, sons, textes et autres \u00e9l\u00e9ments int\u00e9gr\u00e9s aux pr\u00e9sentes \u00e0 toutes fins commerciales ou non commerciales. Il vous est interdit d&rsquo;afficher ou de transmettre sur ce Site tout Contenu ill\u00e9gal, mena\u00e7ant, diffamatoire, obsc\u00e8ne ou pornographique, ou tout Contenu qui enfreindrait les droits d&rsquo;auteur ou autres droits de propri\u00e9t\u00e9 intellectuelle d&rsquo;une autre partie s&rsquo;il est utilis\u00e9 sans sa permission, ou qui inclut des logiciels contenant un virus, un d\u00e9faut ou tout autre composant nuisible ou perturbateur. En transmettant toute Communication sur ce site, y compris mais sans s&rsquo;y limiter, par courriel, par envoi de formulaire en ligne, par t\u00e9l\u00e9chargement de fichiers (y compris les CV) et par Communications publi\u00e9es dans des salons de clavardages, sur des tableaux d&rsquo;affichage ou dans d&rsquo;autres forums, vous renoncez \u00e0 tout droit moral ou \u00e0 tous les autres droits similaires dans le monde entier \u00e0 l&rsquo;\u00e9gard de ces Communications. Janes n&rsquo;aura aucune responsabilit\u00e9 \u00e0 l&rsquo;\u00e9gard du contenu de ces Communications, qu&rsquo;elles d\u00e9coulent ou non des lois sur le droit d&rsquo;auteur, la diffamation, la confidentialit\u00e9, l&rsquo;obsc\u00e9nit\u00e9 ou autre.<\/p>\n<h2>LIENS VERS D&rsquo;AUTRES SITES<\/h2>\n<p>Les liens vers des Sites tiers pr\u00e9sents sur ce Site vous sont fournis uniquement \u00e0 des fins pratiques. Si vous utilisez ces liens, il est possible que vous quittiez ce Site. Janes ne cautionne aucunement ces Sites ni ne fait de d\u00e9claration ou n&rsquo;offre de garantie relativement \u00e0 ces Sites ou \u00e0 toute information, tout autre logiciel ou tout autre produit ou Contenu qui s&rsquo;y trouve, ou tout r\u00e9sultat pouvant \u00eatre obtenu en les utilisant. Si vous d\u00e9cidez d&rsquo;acc\u00e9der \u00e0 l&rsquo;un des Sites tiers li\u00e9s \u00e0 ce Site, vous le faites enti\u00e8rement \u00e0 vos risques et p\u00e9rils.<\/p>\n<h2>AVERTISSEMENT<\/h2>\n<p>LE MAT\u00c9RIEL FOURNI SUR CE SITE EST FOURNI \u00ab EN L&rsquo;\u00c9TAT \u00bb, SANS AUCUNE GARANTIE D&rsquo;AUCUNE SORTE, Y COMPRIS DE GARANTIES DE QUALIT\u00c9 MARCHANDE, D&rsquo;AD\u00c9QUATION \u00c0 UN USAGE PARTICULIER, DE TITRE OU DE NON-VIOLATION DE PROPRI\u00c9T\u00c9 INTELLECTUELLE.<\/p>\n<p>Janes ne garantit pas l&rsquo;exactitude, le degr\u00e9 d&rsquo;actualit\u00e9 ou l&rsquo;exhaustivit\u00e9 du Contenu, y compris les renseignements relatifs aux produits, aux programmes ou aux services. Janes peut apporter des modifications au Contenu ou aux produits et services d\u00e9crits \u00e0 tout moment et sans pr\u00e9avis.<\/p>\n<h2>LIMITATION DE RESPONSABILIT\u00c9<\/h2>\n<p>JANES, SOFINA FOODS INC. ET LEURS FOURNISSEURS, SOCI\u00c9T\u00c9S AFFILI\u00c9ES, FILIALES, AGENTS, EMPLOY\u00c9S, ADMINISTRATEURS, DIRIGEANTS, DIRECTEURS OU AUTRES TIERS NE POURRONT EN AUCUN CAS \u00caTRE TENUS RESPONSABLES DE TOUT DOMMAGE, Y COMPRIS LES DOMMAGES DIRECTS, INDIRECTS, SP\u00c9CIAUX, EXEMPLAIRES, CONS\u00c9CUTIFS, MULTIPLES, PUNITIFS OU AUTRES (Y COMPRIS, SANS S&rsquo;Y LIMITER, LA RESPONSABILIT\u00c9 POUR PERTE D&rsquo;UTILISATION, DE DONN\u00c9ES, DE RECETTES OU DE B\u00c9N\u00c9FICES OU POUR INTERRUPTION DES ACTIVIT\u00c9S) D\u00c9COULANT DE L&rsquo;UTILISATION, DE L&rsquo;IMPOSSIBILIT\u00c9 D&rsquo;UTILISATION OU DES R\u00c9SULTATS D&rsquo;UTILISATION DE CE SITE, DE TOUT SITE LI\u00c9 \u00c0 CE SITE, OU DU CONTENU OU DE L&rsquo;INFORMATION D&rsquo;UN OU DE PLUSIEURS DE CES SITES, QU&rsquo;ILS SOIENT BAS\u00c9S SUR UNE GARANTIE, UN CONTRAT, UN D\u00c9LIT CIVIL OU TOUTE AUTRE TH\u00c9ORIE JURIDIQUE, QUE CE SOIT POUR N\u00c9GLIGENCE OU N\u00c9GLIGENCE GROSSI\u00c8RE, QU&rsquo;ILS SOIENT OU NON RAISONNABLEMENT PR\u00c9VISIBLES ET QU&rsquo;ILS SOIENT OU NON AVIS\u00c9S DE LA POSSIBILIT\u00c9 DE TELS DOMMAGES. SI VOTRE UTILISATION DU CONTENU OU DES INFORMATIONS DU PR\u00c9SENT SITE ENTRA\u00ceNE LA N\u00c9CESSIT\u00c9 D&rsquo;ENTRETENIR, DE R\u00c9PARER OU DE CORRIGER DES \u00c9QUIPEMENTS OU DES DONN\u00c9ES, VOUS ASSUMEREZ TOUS LES CO\u00dbTS EN D\u00c9COULANT. LA LOI APPLICABLE POURRAIT NE PAS PERMETTRE L&rsquo;EXCLUSION OU LA LIMITATION DES DOMMAGES INDIRECTS OU CONS\u00c9CUTIFS, DE SORTE QUE LA LIMITATION OU L&rsquo;EXCLUSION CI-DESSUS PEUT NE PAS S&rsquo;APPLIQUER \u00c0 VOUS.<\/p>\n<h2>LOIS APPLICABLES<\/h2>\n<p>Ces Conditions g\u00e9n\u00e9rales d&rsquo;utilisation sont r\u00e9gies, interpr\u00e9t\u00e9es et appliqu\u00e9es conform\u00e9ment aux lois de la province de l&rsquo;Ontario et les parties reconnaissent irr\u00e9vocablement la comp\u00e9tence des tribunaux de la province de l&rsquo;Ontario.<\/p>\n<h2>CONDITIONS G\u00c9N\u00c9RALES<\/h2>\n<p>Janes peut modifier ces Conditions \u00e0 tout moment en mettant \u00e0 jour cette publication. Nous vous recommandons de visiter la pr\u00e9sente page de temps en temps pour passer en revue les pr\u00e9sentes Conditions, puisqu&rsquo;elles sont ex\u00e9cutoires.<\/p>\n<p>Janes fait des efforts raisonnables pour assurer l&rsquo;exactitude, la pr\u00e9cision et la fiabilit\u00e9 du Contenu, mais nous n&rsquo;avons aucune responsabilit\u00e9 et n&rsquo;offrons aucune garantie quant \u00e0 l&rsquo;exactitude, la pr\u00e9cision ou la fiabilit\u00e9 du Contenu.<\/p>\n<p>Remarque : toute personne li\u00e9e au site Janes doit se conformer aux lignes directrices relatives aux liens vers le site de Janes et \u00e0 toutes les lois applicables.<\/p>\n<h2>LIENS AU SITE DE JANES<\/h2>\n<p>Si vous souhaitez cr\u00e9er un lien vers le site Web de Janes (le \u00ab Site \u00bb), veuillez lire et respecter les directives suivantes :<\/p>\n<p>Un site qui offre un lien vers le Site Janes :<\/p>\n<ul>\n<li>Peut cr\u00e9er un lien vers le Site Janes, mais ne peut pas reproduire, copier, afficher, distribuer ou communiquer ces informations au public.<\/li>\n<li>Ne doit pas cr\u00e9er un navigateur ou un environnement proche de celui de Janes.<\/li>\n<li>Ne doit pas impliquer que Janes le cautionne ou cautionne ses produits et services.<\/li>\n<li>Ne doit pas pr\u00e9senter de mani\u00e8re inexacte sa relation avec Janes.<\/li>\n<li>Ne doit pas pr\u00e9senter de fausses informations sur les produits ou services Janes.<\/li>\n<li>Ne doit pas utiliser le logo Janes ou toute autre marque de commerce, tout autre nom ou logo de Janes (les \u00ab Marques de commerce \u00bb) sans l&rsquo;autorisation de Janes. Toute utilisation des Marques de commerce est soumise aux conditions g\u00e9n\u00e9rales d\u00e9finies par Janes.<\/li>\n<li>Janes se r\u00e9serve le droit d&rsquo;exiger de la partie affichant le lien de supprimer le lien, \u00e0 sa seule discr\u00e9tion.<\/li>\n<li>Ne doit pas proposer de contenu qui pourrait \u00eatre interpr\u00e9t\u00e9 comme d\u00e9plaisant, offensant, controvers\u00e9 ou ill\u00e9gal et ne devrait contenir que du contenu adapt\u00e9 \u00e0 tous les groupes d&rsquo;\u00e2ge.<\/li>\n<\/ul>\n","protected":false},"excerpt":{"rendered":"<p>ATTENTION : VEUILLEZ LIRE ATTENTIVEMENT LES PR\u00c9SENTES CONDITIONS G\u00c9N\u00c9RALES D&rsquo;UTILISATION (les \u00ab CONDITIONS \u00bb) AVANT D&rsquo;UTILISER CE SITE WEB (le \u00ab SITE \u00bb). VOTRE UTILISATION DE CE SITE SIGNIFIE QUE VOUS ACCEPTEZ CES CONDITIONS. SI VOUS N&rsquo;ACCEPTEZ PAS CES CONDITIONS, N&rsquo;UTILISEZ PAS CE SITE. UTILISATION DU SITE ET DE SON CONTENU Janes (une filiale de &hellip; <\/p>\n<p class=\"link-more\"><a href=\"https:\/\/www.janesfoods.com\/fr\/terms-and-conditions\/\" class=\"more-link\">Continue reading<span class=\"screen-reader-text\"> \u00ab\u00a0Conditions g\u00e9n\u00e9rales d&rsquo;utilisation\u00a0\u00bb<\/span><\/a><\/p>\n","protected":false},"author":1,"featured_media":0,"parent":0,"menu_order":0,"comment_status":"closed","ping_status":"closed","template":"page-full.php","meta":{"_seopress_robots_primary_cat":"","footnotes":""},"class_list":["post-104","page","type-page","status-publish","hentry"],"acf":[],"_links":{"self":[{"href":"https:\/\/www.janesfoods.com\/fr\/wp-json\/wp\/v2\/pages\/104","targetHints":{"allow":["GET"]}}],"collection":[{"href":"https:\/\/www.janesfoods.com\/fr\/wp-json\/wp\/v2\/pages"}],"about":[{"href":"https:\/\/www.janesfoods.com\/fr\/wp-json\/wp\/v2\/types\/page"}],"author":[{"embeddable":true,"href":"https:\/\/www.janesfoods.com\/fr\/wp-json\/wp\/v2\/users\/1"}],"replies":[{"embeddable":true,"href":"https:\/\/www.janesfoods.com\/fr\/wp-json\/wp\/v2\/comments?post=104"}],"version-history":[{"count":2,"href":"https:\/\/www.janesfoods.com\/fr\/wp-json\/wp\/v2\/pages\/104\/revisions"}],"predecessor-version":[{"id":1227,"href":"https:\/\/www.janesfoods.com\/fr\/wp-json\/wp\/v2\/pages\/104\/revisions\/1227"}],"wp:attachment":[{"href":"https:\/\/www.janesfoods.com\/fr\/wp-json\/wp\/v2\/media?parent=104"}],"curies":[{"name":"wp","href":"https:\/\/api.w.org\/{rel}","templated":true}]}}