{"id":1408,"date":"2018-10-29T15:51:10","date_gmt":"2018-10-29T19:51:10","guid":{"rendered":"http:\/\/www.janesfoods.com\/recall-notice-march-21\/"},"modified":"2019-03-22T16:16:50","modified_gmt":"2019-03-22T20:16:50","slug":"avis-de-rappel","status":"publish","type":"page","link":"https:\/\/www.janesfoods.com\/fr\/avis-de-rappel\/","title":{"rendered":"Avis de rappel"},"content":{"rendered":"<p><img decoding=\"async\" width=\"300\" height=\"146\" class=\"size-medium wp-image-1397 aligncenter\" src=\"http:\/\/www.janesfoods.com\/wp-content\/uploads\/Sofina-Logo-300x146.jpg\" alt=\"\"><\/p>\n<p><strong>Avis de rappel<\/strong><\/p>\n<p>21 mars 2019<\/p>\n<p>En collaboration avec l&rsquo;Agence canadienne d&rsquo;inspection des aliments (ACIA) et par abondance de diligence, Aliments Sofina, fabricant des produits Janes rappelle de fa\u00e7on proactive le produit suivant en raison d\u2019une manipulation inappropri\u00e9e de ce produit cru par un consommateur. Bien que la salmonelle soit d\u00e9truite lorsque les instructions de cuisson sont suivies, nous menons ce rappel par mesure de pr\u00e9caution.<\/p>\n<p><strong>Marque:&nbsp;<\/strong>Janes<br \/>\n<strong>Produit: <\/strong>P\u00e9pites de poulet&nbsp;\u2013&nbsp;Escalopettes de poulet pan\u00e9es&nbsp;\u2013&nbsp;Non cuites<strong><br \/>\n<\/strong><strong>Format: <\/strong>800 g<br \/>\n<strong>UPC: <\/strong>0 69299 12490 3<br \/>\n<strong>Date de p\u00e9remption: <\/strong>2019 DE 15<\/p>\n<p>Un avis de rappel d&rsquo;aliments a \u00e9t\u00e9 publi\u00e9 par l\u2019ACIA et est accessible <a href=\"http:\/\/www.inspection.gc.ca\/au-sujet-de-l-acia\/salle-de-nouvelles\/avis-de-rappel-d-aliments\/liste-complete\/2019-03-21\/fra\/1553209880516\/1553209882053\">ici<\/a>.<\/p>\n<p>La salmonelle est pr\u00e9sente couramment dans le poulet cru et les produits de poulet pan\u00e9s crus congel\u00e9s. Les maladies peuvent \u00eatre \u00e9vit\u00e9es si les pratiques de manipulation, de pr\u00e9paration et de cuisson des aliments sont respect\u00e9es lors de la pr\u00e9paration de ces types de produits alimentaires, en particulier en assurant une temp\u00e9rature interne d&rsquo;au moins 74 \u00b0 C. Ces produits ne doivent pas \u00eatre pass\u00e9s au four micro-ondes car cette m\u00e9thode ne g\u00e9n\u00e8re pas la temp\u00e9rature interne appropri\u00e9e pour que les produits cuisent correctement.<\/p>\n<p>De plus amples renseignements sur les temp\u00e9ratures de cuisson internes s\u00fbres et la manipulation s\u00e9curitaire des aliments sont disponibles dans la section Sant\u00e9 \/ Alimentation et nutrition du <a href=\"https:\/\/www.canada.ca\/fr\/sante-canada\/services\/conseils-generaux-salubrite\/temperatures-securitaires-cuisson-interne.html\">site Web du gouvernement du Canada<\/a>.<\/p>\n<p>Si vous avez ce produit \u00e0 la maison, veuillez le jeter ou le retourner \u00e0 votre magasin pour un remboursement complet.<\/p>\n<p>Nous nous excusons de tout inconv\u00e9nient caus\u00e9 par ce rappel.<\/p>\n<p>Si vous avez d\u2019autres questions, veuillez composer le num\u00e9ro d\u2019appel d\u2019Aliments Sofina pour les consommateurs au 1-855-SOFINA1 (763-4621).<\/p>\n","protected":false},"excerpt":{"rendered":"<p>Avis de rappel 21 mars 2019 En collaboration avec l&rsquo;Agence canadienne d&rsquo;inspection des aliments (ACIA) et par abondance de diligence, Aliments Sofina, fabricant des produits Janes rappelle de fa\u00e7on proactive le produit suivant en raison d\u2019une manipulation inappropri\u00e9e de ce produit cru par un consommateur. Bien que la salmonelle soit d\u00e9truite lorsque les instructions de &hellip; <\/p>\n<p class=\"link-more\"><a href=\"https:\/\/www.janesfoods.com\/fr\/avis-de-rappel\/\" class=\"more-link\">Continue reading<span class=\"screen-reader-text\"> \u00ab\u00a0Avis de rappel\u00a0\u00bb<\/span><\/a><\/p>\n","protected":false},"author":1,"featured_media":0,"parent":0,"menu_order":0,"comment_status":"closed","ping_status":"closed","template":"page-full.php","meta":{"_seopress_robots_primary_cat":"","footnotes":""},"class_list":["post-1408","page","type-page","status-publish","hentry"],"acf":[],"_links":{"self":[{"href":"https:\/\/www.janesfoods.com\/fr\/wp-json\/wp\/v2\/pages\/1408","targetHints":{"allow":["GET"]}}],"collection":[{"href":"https:\/\/www.janesfoods.com\/fr\/wp-json\/wp\/v2\/pages"}],"about":[{"href":"https:\/\/www.janesfoods.com\/fr\/wp-json\/wp\/v2\/types\/page"}],"author":[{"embeddable":true,"href":"https:\/\/www.janesfoods.com\/fr\/wp-json\/wp\/v2\/users\/1"}],"replies":[{"embeddable":true,"href":"https:\/\/www.janesfoods.com\/fr\/wp-json\/wp\/v2\/comments?post=1408"}],"version-history":[{"count":1,"href":"https:\/\/www.janesfoods.com\/fr\/wp-json\/wp\/v2\/pages\/1408\/revisions"}],"predecessor-version":[{"id":1409,"href":"https:\/\/www.janesfoods.com\/fr\/wp-json\/wp\/v2\/pages\/1408\/revisions\/1409"}],"wp:attachment":[{"href":"https:\/\/www.janesfoods.com\/fr\/wp-json\/wp\/v2\/media?parent=1408"}],"curies":[{"name":"wp","href":"https:\/\/api.w.org\/{rel}","templated":true}]}}