{"id":17797,"date":"2025-10-08T11:00:07","date_gmt":"2025-10-08T15:00:07","guid":{"rendered":"https:\/\/www.janesfoods.com\/?page_id=17797"},"modified":"2025-10-08T15:29:22","modified_gmt":"2025-10-08T19:29:22","slug":"lovethemtenders","status":"publish","type":"page","link":"https:\/\/www.janesfoods.com\/fr\/lovethemtenders\/","title":{"rendered":"Love Them Tenders"},"content":{"rendered":"\t\t<div data-elementor-type=\"wp-page\" data-elementor-id=\"17797\" class=\"elementor elementor-17797\" data-elementor-post-type=\"page\">\n\t\t\t\t<div class=\"elementor-element elementor-element-ebf3fcd elementor-hidden-tablet elementor-hidden-mobile e-flex e-con-boxed e-con e-parent\" data-id=\"ebf3fcd\" data-element_type=\"container\" data-settings=\"{&quot;background_background&quot;:&quot;gradient&quot;}\">\n\t\t\t\t\t<div class=\"e-con-inner\">\n\t\t<div class=\"elementor-element elementor-element-dd0c605 e-con-full e-flex e-con e-child\" data-id=\"dd0c605\" data-element_type=\"container\">\n\t\t\t\t<div class=\"elementor-element elementor-element-4814ef8 elementor-absolute elementor-widget elementor-widget-image\" data-id=\"4814ef8\" data-element_type=\"widget\" data-settings=\"{&quot;_position&quot;:&quot;absolute&quot;}\" data-widget_type=\"image.default\">\n\t\t\t\t<div class=\"elementor-widget-container\">\n\t\t\t\t\t\t\t\t\t\t\t\t\t\t\t\t<a href=\"\/fr\/\">\n\t\t\t\t\t\t\t<img fetchpriority=\"high\" decoding=\"async\" width=\"316\" height=\"169\" src=\"https:\/\/www.janesfoods.com\/wp-content\/uploads\/janes-logo-fr.png\" class=\"attachment-full size-full wp-image-17961\" alt=\"Love Them Tenders\" sizes=\"(max-width: 767px) 89vw, (max-width: 1000px) 54vw, (max-width: 1071px) 543px, 580px\" \/>\t\t\t\t\t\t\t\t<\/a>\n\t\t\t\t\t\t\t\t\t\t\t\t\t\t\t<\/div>\n\t\t\t\t<\/div>\n\t\t\t\t<\/div>\n\t\t<div class=\"elementor-element elementor-element-91f793b e-con-full e-flex e-con e-child\" data-id=\"91f793b\" data-element_type=\"container\">\n\t\t\t\t<div class=\"elementor-element elementor-element-860d91c elementor-icon-list--layout-inline elementor-align-center elementor-list-item-link-full_width elementor-widget elementor-widget-icon-list\" data-id=\"860d91c\" data-element_type=\"widget\" data-widget_type=\"icon-list.default\">\n\t\t\t\t<div class=\"elementor-widget-container\">\n\t\t\t\t\t\t\t<ul class=\"elementor-icon-list-items elementor-inline-items\">\n\t\t\t\t\t\t\t<li class=\"elementor-icon-list-item elementor-inline-item\">\n\t\t\t\t\t\t\t\t\t\t\t<a href=\"\/fr\/\">\n\n\t\t\t\t\t\t\t\t\t\t\t<span class=\"elementor-icon-list-text\">Accueil<\/span>\n\t\t\t\t\t\t\t\t\t\t\t<\/a>\n\t\t\t\t\t\t\t\t\t<\/li>\n\t\t\t\t\t\t\t\t<li class=\"elementor-icon-list-item elementor-inline-item\">\n\t\t\t\t\t\t\t\t\t\t\t<a href=\"\/fr\/our-products\/\">\n\n\t\t\t\t\t\t\t\t\t\t\t<span class=\"elementor-icon-list-text\">Produits<\/span>\n\t\t\t\t\t\t\t\t\t\t\t<\/a>\n\t\t\t\t\t\t\t\t\t<\/li>\n\t\t\t\t\t\t\t\t<li class=\"elementor-icon-list-item elementor-inline-item\">\n\t\t\t\t\t\t\t\t\t\t\t<a href=\"\/fr\/recipes\/\">\n\n\t\t\t\t\t\t\t\t\t\t\t<span class=\"elementor-icon-list-text\">Id\u00e9es de repas<\/span>\n\t\t\t\t\t\t\t\t\t\t\t<\/a>\n\t\t\t\t\t\t\t\t\t<\/li>\n\t\t\t\t\t\t\t\t<li class=\"elementor-icon-list-item elementor-inline-item\">\n\t\t\t\t\t\t\t\t\t\t\t<a href=\"\/fr\/where-to-buy\/\">\n\n\t\t\t\t\t\t\t\t\t\t\t<span class=\"elementor-icon-list-text\">O\u00f9 acheter<\/span>\n\t\t\t\t\t\t\t\t\t\t\t<\/a>\n\t\t\t\t\t\t\t\t\t<\/li>\n\t\t\t\t\t\t\t\t<li class=\"elementor-icon-list-item elementor-inline-item\">\n\t\t\t\t\t\t\t\t\t\t\t<a href=\"\/fr\/contact-us\/\">\n\n\t\t\t\t\t\t\t\t\t\t\t<span class=\"elementor-icon-list-text\">Contacter<\/span>\n\t\t\t\t\t\t\t\t\t\t\t<\/a>\n\t\t\t\t\t\t\t\t\t<\/li>\n\t\t\t\t\t\t<\/ul>\n\t\t\t\t\t\t<\/div>\n\t\t\t\t<\/div>\n\t\t\t\t<\/div>\n\t\t<div class=\"elementor-element elementor-element-1da86c0 e-con-full e-flex e-con e-child\" data-id=\"1da86c0\" data-element_type=\"container\">\n\t\t\t\t<div class=\"elementor-element elementor-element-7c3a9d8 elementor-view-framed elementor-shape-rounded elementor-widget elementor-widget-icon\" data-id=\"7c3a9d8\" data-element_type=\"widget\" data-widget_type=\"icon.default\">\n\t\t\t\t<div class=\"elementor-widget-container\">\n\t\t\t\t\t\t\t<div class=\"elementor-icon-wrapper\">\n\t\t\t<a class=\"elementor-icon\" href=\"\/fr\/search\/\">\n\t\t\t<svg aria-hidden=\"true\" class=\"e-font-icon-svg e-fas-search\" viewBox=\"0 0 512 512\" xmlns=\"http:\/\/www.w3.org\/2000\/svg\"><path d=\"M505 442.7L405.3 343c-4.5-4.5-10.6-7-17-7H372c27.6-35.3 44-79.7 44-128C416 93.1 322.9 0 208 0S0 93.1 0 208s93.1 208 208 208c48.3 0 92.7-16.4 128-44v16.3c0 6.4 2.5 12.5 7 17l99.7 99.7c9.4 9.4 24.6 9.4 33.9 0l28.3-28.3c9.4-9.4 9.4-24.6.1-34zM208 336c-70.7 0-128-57.2-128-128 0-70.7 57.2-128 128-128 70.7 0 128 57.2 128 128 0 70.7-57.2 128-128 128z\"><\/path><\/svg>\t\t\t<\/a>\n\t\t<\/div>\n\t\t\t\t\t\t<\/div>\n\t\t\t\t<\/div>\n\t\t\t\t<div class=\"elementor-element elementor-element-38dc7d8 elementor-widget elementor-widget-button\" data-id=\"38dc7d8\" data-element_type=\"widget\" data-widget_type=\"button.default\">\n\t\t\t\t<div class=\"elementor-widget-container\">\n\t\t\t\t\t\t\t\t\t<div class=\"elementor-button-wrapper\">\n\t\t\t\t\t<a class=\"elementor-button elementor-button-link elementor-size-sm\" href=\"\/lovethemtenders\/\">\n\t\t\t\t\t\t<span class=\"elementor-button-content-wrapper\">\n\t\t\t\t\t\t\t\t\t<span class=\"elementor-button-text\">EN<\/span>\n\t\t\t\t\t<\/span>\n\t\t\t\t\t<\/a>\n\t\t\t\t<\/div>\n\t\t\t\t\t\t\t\t<\/div>\n\t\t\t\t<\/div>\n\t\t\t\t<\/div>\n\t\t\t\t\t<\/div>\n\t\t\t\t<\/div>\n\t\t<div class=\"elementor-element elementor-element-bc838bd e-flex e-con-boxed e-con e-parent\" data-id=\"bc838bd\" data-element_type=\"container\" data-settings=\"{&quot;background_background&quot;:&quot;classic&quot;}\">\n\t\t\t\t\t<div class=\"e-con-inner\">\n\t\t<div class=\"elementor-element elementor-element-ec45a04 e-con-full e-flex e-con e-child\" data-id=\"ec45a04\" data-element_type=\"container\">\n\t\t\t\t<div class=\"elementor-element elementor-element-f5accbb elementor-widget elementor-widget-heading\" data-id=\"f5accbb\" data-element_type=\"widget\" data-widget_type=\"heading.default\">\n\t\t\t\t<div class=\"elementor-widget-container\">\n\t\t\t\t\t<h1 class=\"elementor-heading-title elementor-size-default\">La qualit\u00e9 des filets de poulet du restaurant chez soi<\/h1>\t\t\t\t<\/div>\n\t\t\t\t<\/div>\n\t\t\t\t<div class=\"elementor-element elementor-element-458479f elementor-widget elementor-widget-heading\" data-id=\"458479f\" data-element_type=\"widget\" data-widget_type=\"heading.default\">\n\t\t\t\t<div class=\"elementor-widget-container\">\n\t\t\t\t\t<h3 class=\"elementor-heading-title elementor-size-default\">Janes<span class=\"trademark-2\">\u00ae<\/span> vous permet de d\u00e9guster de d\u00e9licieux filets de poulet sans quitter votre foyer.<\/h3>\t\t\t\t<\/div>\n\t\t\t\t<\/div>\n\t\t\t\t<\/div>\n\t\t<div class=\"elementor-element elementor-element-a3d6da6 e-con-full e-flex e-con e-child\" data-id=\"a3d6da6\" data-element_type=\"container\">\n\t\t\t\t<div class=\"elementor-element elementor-element-a1acdf4 elementor-widget elementor-widget-image\" data-id=\"a1acdf4\" data-element_type=\"widget\" data-widget_type=\"image.default\">\n\t\t\t\t<div class=\"elementor-widget-container\">\n\t\t\t\t\t\t\t\t\t\t\t\t\t\t\t<img decoding=\"async\" width=\"525\" height=\"388\" src=\"https:\/\/www.janesfoods.com\/wp-content\/uploads\/new-tenders-fr.webp\" class=\"attachment-large size-large wp-image-17810\" alt=\"Love Them Tenders\" sizes=\"(max-width: 767px) 89vw, (max-width: 1000px) 54vw, (max-width: 1071px) 543px, 580px\" \/>\t\t\t\t\t\t\t\t\t\t\t\t\t\t\t<\/div>\n\t\t\t\t<\/div>\n\t\t\t\t<\/div>\n\t\t<div class=\"elementor-element elementor-element-814eee2 e-con-full e-flex e-con e-child\" data-id=\"814eee2\" data-element_type=\"container\">\n\t\t\t\t<div class=\"elementor-element elementor-element-28a10c3 elementor-widget elementor-widget-text-editor\" data-id=\"28a10c3\" data-element_type=\"widget\" data-widget_type=\"text-editor.default\">\n\t\t\t\t<div class=\"elementor-widget-container\">\n\t\t\t\t\t\t\t\t\t<p>Vous adorez le go\u00fbt irr\u00e9sistible des filets de poulet que sert votre restaurant pr\u00e9f\u00e9r\u00e9. Aimez-vous y aller pour pouvoir en profiter? Probablement pas. Les NOUVEAUX filets de poulet croustillant de Janes\u00ae de qualit\u00e9 restaurant vous offre non seulement de d\u00e9licieux filets de poulet \u00e0 l\u2019enrobage croustillant et ondul\u00e9 \u00e0 d\u00e9guster dans le confort de votre foyer, mais aussi la possibilit\u00e9 de pr\u00e9parer d\u2019innombrables recettes faciles et pratiques! Mieux encore, on les offre avec la sauce d\u2019accompagnement.<\/p><p>Essayez d\u00e8s ce soir les NOUVEAUX filets de poulet croustillant de Janes\u00ae de qualit\u00e9 restaurant. Pensez aussi \u00e0 le mentionner \u00e0 vos proches et sur vos comptes de r\u00e9seaux sociaux!<\/p>\t\t\t\t\t\t\t\t<\/div>\n\t\t\t\t<\/div>\n\t\t\t\t<\/div>\n\t\t\t\t\t<\/div>\n\t\t\t\t<\/div>\n\t\t<div class=\"elementor-element elementor-element-7be6eb4 e-flex e-con-boxed e-con e-parent\" data-id=\"7be6eb4\" data-element_type=\"container\" data-settings=\"{&quot;background_background&quot;:&quot;classic&quot;}\">\n\t\t\t\t\t<div class=\"e-con-inner\">\n\t\t<div class=\"elementor-element elementor-element-27878c7 e-con-full e-flex e-con e-child\" data-id=\"27878c7\" data-element_type=\"container\">\n\t\t\t\t<div class=\"elementor-element elementor-element-4a3ecb1 elementor-widget elementor-widget-heading\" data-id=\"4a3ecb1\" data-element_type=\"widget\" data-widget_type=\"heading.default\">\n\t\t\t\t<div class=\"elementor-widget-container\">\n\t\t\t\t\t<h1 class=\"elementor-heading-title elementor-size-default\">Faites preuve de cr\u00e9ativit\u00e9 avec les filets de poulet croustillant de Janes<span class=\"trademark\">\u00ae<\/span> de qualit\u00e9 restaurant.<\/h1>\t\t\t\t<\/div>\n\t\t\t\t<\/div>\n\t\t\t\t<div class=\"elementor-element elementor-element-e50ea2e elementor-widget elementor-widget-heading\" data-id=\"e50ea2e\" data-element_type=\"widget\" data-widget_type=\"heading.default\">\n\t\t\t\t<div class=\"elementor-widget-container\">\n\t\t\t\t\t<h3 class=\"elementor-heading-title elementor-size-default\">Ces recettes sont aussi simples que d\u00e9licieuses. N\u2019oubliez pas d\u2019ajouter cette page \u00e0 vos favoris pour pouvoir toutes les essayer!<\/h3>\t\t\t\t<\/div>\n\t\t\t\t<\/div>\n\t\t\t\t<\/div>\n\t\t<div class=\"elementor-element elementor-element-869ed1b e-con-full e-flex e-con e-child\" data-id=\"869ed1b\" data-element_type=\"container\">\n\t\t<div class=\"elementor-element elementor-element-77119f1 e-con-full e-flex e-con e-child\" data-id=\"77119f1\" data-element_type=\"container\">\n\t\t\t\t<div class=\"elementor-element elementor-element-2118754 elementor-cta--skin-cover elementor-animated-content elementor-widget elementor-widget-call-to-action\" data-id=\"2118754\" data-element_type=\"widget\" data-widget_type=\"call-to-action.default\">\n\t\t\t\t<div class=\"elementor-widget-container\">\n\t\t\t\t\t\t\t<a class=\"elementor-cta\" href=\"\/fr\/recipes\/pain-plat-naan-au-poulet-sriracha-et-a-lail\/\" target=\"_blank\">\n\t\t\t\t\t<div class=\"elementor-cta__bg-wrapper\">\n\t\t\t\t<div class=\"elementor-cta__bg elementor-bg\" style=\"background-image: url(https:\/\/www.janesfoods.com\/wp-content\/uploads\/Recipe-Naan-Pizza-1.webp);\" role=\"img\" aria-label=\"Recipe - Naan Pizza\"><\/div>\n\t\t\t\t<div class=\"elementor-cta__bg-overlay\"><\/div>\n\t\t\t<\/div>\n\t\t\t\t\t\t\t<div class=\"elementor-cta__content\">\n\t\t\t\t\n\t\t\t\t\t\t\t\t\t<span class=\"elementor-cta__title elementor-cta__content-item elementor-content-item elementor-animated-item--grow\">\n\t\t\t\t\t\tPizza sur pain plat naan\t\t\t\t\t<\/span>\n\t\t\t\t\n\t\t\t\t\n\t\t\t\t\t\t\t<\/div>\n\t\t\t\t\t\t<\/a>\n\t\t\t\t\t\t<\/div>\n\t\t\t\t<\/div>\n\t\t\t\t<\/div>\n\t\t<div class=\"elementor-element elementor-element-77c108c e-con-full e-flex e-con e-child\" data-id=\"77c108c\" data-element_type=\"container\">\n\t\t\t\t<div class=\"elementor-element elementor-element-6529ab7 elementor-cta--skin-cover elementor-animated-content elementor-widget elementor-widget-call-to-action\" data-id=\"6529ab7\" data-element_type=\"widget\" data-widget_type=\"call-to-action.default\">\n\t\t\t\t<div class=\"elementor-widget-container\">\n\t\t\t\t\t\t\t<a class=\"elementor-cta\" href=\"\/fr\/recipes\/sandwich-gaufre-au-poulet\/\" target=\"_blank\">\n\t\t\t\t\t<div class=\"elementor-cta__bg-wrapper\">\n\t\t\t\t<div class=\"elementor-cta__bg elementor-bg\" style=\"background-image: url(https:\/\/www.janesfoods.com\/wp-content\/uploads\/Recipe-Chicken-Waffles-1.webp);\" role=\"img\" aria-label=\"Recipe - Chicken Waffles\"><\/div>\n\t\t\t\t<div class=\"elementor-cta__bg-overlay\"><\/div>\n\t\t\t<\/div>\n\t\t\t\t\t\t\t<div class=\"elementor-cta__content\">\n\t\t\t\t\n\t\t\t\t\t\t\t\t\t<span class=\"elementor-cta__title elementor-cta__content-item elementor-content-item elementor-animated-item--grow\">\n\t\t\t\t\t\tSandwich gaufre au poulet\t\t\t\t\t<\/span>\n\t\t\t\t\n\t\t\t\t\n\t\t\t\t\t\t\t<\/div>\n\t\t\t\t\t\t<\/a>\n\t\t\t\t\t\t<\/div>\n\t\t\t\t<\/div>\n\t\t\t\t<\/div>\n\t\t<div class=\"elementor-element elementor-element-b80097a e-con-full e-flex e-con e-child\" data-id=\"b80097a\" data-element_type=\"container\">\n\t\t\t\t<div class=\"elementor-element elementor-element-3dccf2a elementor-cta--skin-cover elementor-animated-content elementor-widget elementor-widget-call-to-action\" data-id=\"3dccf2a\" data-element_type=\"widget\" data-widget_type=\"call-to-action.default\">\n\t\t\t\t<div class=\"elementor-widget-container\">\n\t\t\t\t\t\t\t<a class=\"elementor-cta\" href=\"\/fr\/recipes\/tacos-bang-bang-au-poulet\/\" target=\"_blank\">\n\t\t\t\t\t<div class=\"elementor-cta__bg-wrapper\">\n\t\t\t\t<div class=\"elementor-cta__bg elementor-bg\" style=\"background-image: url(https:\/\/www.janesfoods.com\/wp-content\/uploads\/Recipe-Bang-Bang-Tacos-1.webp);\" role=\"img\" aria-label=\"Recipe - Bang Bang Tacos\"><\/div>\n\t\t\t\t<div class=\"elementor-cta__bg-overlay\"><\/div>\n\t\t\t<\/div>\n\t\t\t\t\t\t\t<div class=\"elementor-cta__content\">\n\t\t\t\t\n\t\t\t\t\t\t\t\t\t<span class=\"elementor-cta__title elementor-cta__content-item elementor-content-item elementor-animated-item--grow\">\n\t\t\t\t\t\tTacos Bang Bang au poulet\t\t\t\t\t<\/span>\n\t\t\t\t\n\t\t\t\t\n\t\t\t\t\t\t\t<\/div>\n\t\t\t\t\t\t<\/a>\n\t\t\t\t\t\t<\/div>\n\t\t\t\t<\/div>\n\t\t\t\t<\/div>\n\t\t<div class=\"elementor-element elementor-element-59e109f e-con-full e-flex e-con e-child\" data-id=\"59e109f\" data-element_type=\"container\">\n\t\t\t\t<div class=\"elementor-element elementor-element-0947916 elementor-cta--skin-cover elementor-animated-content elementor-widget elementor-widget-call-to-action\" data-id=\"0947916\" data-element_type=\"widget\" data-widget_type=\"call-to-action.default\">\n\t\t\t\t<div class=\"elementor-widget-container\">\n\t\t\t\t\t\t\t<a class=\"elementor-cta\" href=\"\/fr\/recipes\/pates-cuites-au-four-au-poulet-et-parmesan-4-portions\/\" target=\"_blank\">\n\t\t\t\t\t<div class=\"elementor-cta__bg-wrapper\">\n\t\t\t\t<div class=\"elementor-cta__bg elementor-bg\" style=\"background-image: url(https:\/\/www.janesfoods.com\/wp-content\/uploads\/Recipe-Chicken-Parm-Bake-1.webp);\" role=\"img\" aria-label=\"Recipe - Chicken Parm Bake\"><\/div>\n\t\t\t\t<div class=\"elementor-cta__bg-overlay\"><\/div>\n\t\t\t<\/div>\n\t\t\t\t\t\t\t<div class=\"elementor-cta__content\">\n\t\t\t\t\n\t\t\t\t\t\t\t\t\t<span class=\"elementor-cta__title elementor-cta__content-item elementor-content-item elementor-animated-item--grow\">\n\t\t\t\t\t\tP\u00e2tes cuites au four au poulet et parmesan \t\t\t\t\t<\/span>\n\t\t\t\t\n\t\t\t\t\n\t\t\t\t\t\t\t<\/div>\n\t\t\t\t\t\t<\/a>\n\t\t\t\t\t\t<\/div>\n\t\t\t\t<\/div>\n\t\t\t\t<\/div>\n\t\t\t\t<\/div>\n\t\t\t\t\t<\/div>\n\t\t\t\t<\/div>\n\t\t<div class=\"elementor-element elementor-element-314cbb4 e-flex e-con-boxed e-con e-parent\" data-id=\"314cbb4\" data-element_type=\"container\" data-settings=\"{&quot;background_background&quot;:&quot;classic&quot;}\">\n\t\t\t\t\t<div class=\"e-con-inner\">\n\t\t<div class=\"elementor-element elementor-element-ad36513 e-con-full e-flex e-con e-child\" data-id=\"ad36513\" data-element_type=\"container\">\n\t\t\t\t<div class=\"elementor-element elementor-element-30e2ac8 elementor-widget elementor-widget-heading\" data-id=\"30e2ac8\" data-element_type=\"widget\" data-widget_type=\"heading.default\">\n\t\t\t\t<div class=\"elementor-widget-container\">\n\t\t\t\t\t<h1 class=\"elementor-heading-title elementor-size-default\">Trouvez les NOUVEAUX filets de poulet croustillant de Janes<span class=\"trademark\">\u00ae<\/span> de qualit\u00e9 restaurant ici :<\/h1>\t\t\t\t<\/div>\n\t\t\t\t<\/div>\n\t\t<div class=\"elementor-element elementor-element-6110eda e-con-full e-flex e-con e-child\" data-id=\"6110eda\" data-element_type=\"container\">\n\t\t<div class=\"elementor-element elementor-element-b91002b e-con-full e-flex e-con e-child\" data-id=\"b91002b\" data-element_type=\"container\">\n\t\t\t\t<div class=\"elementor-element elementor-element-e742c93 elementor-widget elementor-widget-image\" data-id=\"e742c93\" data-element_type=\"widget\" data-widget_type=\"image.default\">\n\t\t\t\t<div class=\"elementor-widget-container\">\n\t\t\t\t\t\t\t\t\t\t\t\t\t\t\t<img decoding=\"async\" width=\"274\" height=\"112\" src=\"https:\/\/www.janesfoods.com\/wp-content\/uploads\/food-basics.png\" class=\"attachment-full size-full wp-image-15916\" alt=\"Love Them Tenders\" sizes=\"(max-width: 767px) 89vw, (max-width: 1000px) 54vw, (max-width: 1071px) 543px, 580px\" \/>\t\t\t\t\t\t\t\t\t\t\t\t\t\t\t<\/div>\n\t\t\t\t<\/div>\n\t\t\t\t<\/div>\n\t\t<div class=\"elementor-element elementor-element-c9e3237 e-con-full e-flex e-con e-child\" data-id=\"c9e3237\" data-element_type=\"container\">\n\t\t\t\t<div class=\"elementor-element elementor-element-3939282 elementor-widget elementor-widget-image\" data-id=\"3939282\" data-element_type=\"widget\" data-widget_type=\"image.default\">\n\t\t\t\t<div class=\"elementor-widget-container\">\n\t\t\t\t\t\t\t\t\t\t\t\t\t\t\t<img loading=\"lazy\" decoding=\"async\" width=\"366\" height=\"62\" src=\"https:\/\/www.janesfoods.com\/wp-content\/uploads\/foodland.png\" class=\"attachment-full size-full wp-image-15918\" alt=\"Love Them Tenders\" sizes=\"(max-width: 767px) 89vw, (max-width: 1000px) 54vw, (max-width: 1071px) 543px, 580px\" \/>\t\t\t\t\t\t\t\t\t\t\t\t\t\t\t<\/div>\n\t\t\t\t<\/div>\n\t\t\t\t<\/div>\n\t\t<div class=\"elementor-element elementor-element-28a10da e-con-full e-flex e-con e-child\" data-id=\"28a10da\" data-element_type=\"container\">\n\t\t\t\t<div class=\"elementor-element elementor-element-f73dca8 elementor-widget elementor-widget-image\" data-id=\"f73dca8\" data-element_type=\"widget\" data-widget_type=\"image.default\">\n\t\t\t\t<div class=\"elementor-widget-container\">\n\t\t\t\t\t\t\t\t\t\t\t\t\t\t\t<img loading=\"lazy\" decoding=\"async\" width=\"324\" height=\"130\" src=\"https:\/\/www.janesfoods.com\/wp-content\/uploads\/fresh-co.png\" class=\"attachment-full size-full wp-image-15914\" alt=\"Love Them Tenders\" sizes=\"(max-width: 767px) 89vw, (max-width: 1000px) 54vw, (max-width: 1071px) 543px, 580px\" \/>\t\t\t\t\t\t\t\t\t\t\t\t\t\t\t<\/div>\n\t\t\t\t<\/div>\n\t\t\t\t<\/div>\n\t\t<div class=\"elementor-element elementor-element-5bc89bd e-con-full e-flex e-con e-child\" data-id=\"5bc89bd\" data-element_type=\"container\">\n\t\t\t\t<div class=\"elementor-element elementor-element-a7b6e3d elementor-widget elementor-widget-image\" data-id=\"a7b6e3d\" data-element_type=\"widget\" data-widget_type=\"image.default\">\n\t\t\t\t<div class=\"elementor-widget-container\">\n\t\t\t\t\t\t\t\t\t\t\t\t\t\t\t<img loading=\"lazy\" decoding=\"async\" width=\"300\" height=\"64\" src=\"https:\/\/www.janesfoods.com\/wp-content\/uploads\/metro.png\" class=\"attachment-full size-full wp-image-15912\" alt=\"Love Them Tenders\" sizes=\"(max-width: 767px) 89vw, (max-width: 1000px) 54vw, (max-width: 1071px) 543px, 580px\" \/>\t\t\t\t\t\t\t\t\t\t\t\t\t\t\t<\/div>\n\t\t\t\t<\/div>\n\t\t\t\t<\/div>\n\t\t<div class=\"elementor-element elementor-element-a094169 e-con-full e-flex e-con e-child\" data-id=\"a094169\" data-element_type=\"container\">\n\t\t\t\t<div class=\"elementor-element elementor-element-ac047a7 elementor-widget elementor-widget-image\" data-id=\"ac047a7\" data-element_type=\"widget\" data-widget_type=\"image.default\">\n\t\t\t\t<div class=\"elementor-widget-container\">\n\t\t\t\t\t\t\t\t\t\t\t\t\t\t\t<img loading=\"lazy\" decoding=\"async\" width=\"364\" height=\"66\" src=\"https:\/\/www.janesfoods.com\/wp-content\/uploads\/safeways.png\" class=\"attachment-full size-full wp-image-15910\" alt=\"Love Them Tenders\" sizes=\"(max-width: 767px) 89vw, (max-width: 1000px) 54vw, (max-width: 1071px) 543px, 580px\" \/>\t\t\t\t\t\t\t\t\t\t\t\t\t\t\t<\/div>\n\t\t\t\t<\/div>\n\t\t\t\t<\/div>\n\t\t<div class=\"elementor-element elementor-element-795ebcb e-con-full e-flex e-con e-child\" data-id=\"795ebcb\" data-element_type=\"container\">\n\t\t\t\t<div class=\"elementor-element elementor-element-1c7b462 elementor-widget elementor-widget-image\" data-id=\"1c7b462\" data-element_type=\"widget\" data-widget_type=\"image.default\">\n\t\t\t\t<div class=\"elementor-widget-container\">\n\t\t\t\t\t\t\t\t\t\t\t\t\t\t\t<img loading=\"lazy\" decoding=\"async\" width=\"324\" height=\"98\" src=\"https:\/\/www.janesfoods.com\/wp-content\/uploads\/sobeys.png\" class=\"attachment-full size-full wp-image-15908\" alt=\"Love Them Tenders\" sizes=\"(max-width: 767px) 89vw, (max-width: 1000px) 54vw, (max-width: 1071px) 543px, 580px\" \/>\t\t\t\t\t\t\t\t\t\t\t\t\t\t\t<\/div>\n\t\t\t\t<\/div>\n\t\t\t\t<\/div>\n\t\t\t\t<\/div>\n\t\t\t\t<\/div>\n\t\t\t\t\t<\/div>\n\t\t\t\t<\/div>\n\t\t\t\t<\/div>\n\t\t","protected":false},"excerpt":{"rendered":"<p>Accueil Produits Id\u00e9es de repas O\u00f9 acheter Contacter EN La qualit\u00e9 des filets de poulet du restaurant chez soi Janes\u00ae vous permet de d\u00e9guster de d\u00e9licieux filets de poulet sans quitter votre foyer. Vous adorez le go\u00fbt irr\u00e9sistible des filets de poulet que sert votre restaurant pr\u00e9f\u00e9r\u00e9. Aimez-vous y aller pour pouvoir en profiter? Probablement &hellip; <\/p>\n<p class=\"link-more\"><a href=\"https:\/\/www.janesfoods.com\/fr\/lovethemtenders\/\" class=\"more-link\">Continue reading<span class=\"screen-reader-text\"> \u00ab\u00a0Love Them Tenders\u00a0\u00bb<\/span><\/a><\/p>\n","protected":false},"author":7,"featured_media":0,"parent":0,"menu_order":0,"comment_status":"closed","ping_status":"closed","template":"","meta":{"_seopress_robots_primary_cat":"","footnotes":""},"class_list":["post-17797","page","type-page","status-publish","hentry"],"acf":[],"_links":{"self":[{"href":"https:\/\/www.janesfoods.com\/fr\/wp-json\/wp\/v2\/pages\/17797","targetHints":{"allow":["GET"]}}],"collection":[{"href":"https:\/\/www.janesfoods.com\/fr\/wp-json\/wp\/v2\/pages"}],"about":[{"href":"https:\/\/www.janesfoods.com\/fr\/wp-json\/wp\/v2\/types\/page"}],"author":[{"embeddable":true,"href":"https:\/\/www.janesfoods.com\/fr\/wp-json\/wp\/v2\/users\/7"}],"replies":[{"embeddable":true,"href":"https:\/\/www.janesfoods.com\/fr\/wp-json\/wp\/v2\/comments?post=17797"}],"version-history":[{"count":104,"href":"https:\/\/www.janesfoods.com\/fr\/wp-json\/wp\/v2\/pages\/17797\/revisions"}],"predecessor-version":[{"id":17966,"href":"https:\/\/www.janesfoods.com\/fr\/wp-json\/wp\/v2\/pages\/17797\/revisions\/17966"}],"wp:attachment":[{"href":"https:\/\/www.janesfoods.com\/fr\/wp-json\/wp\/v2\/media?parent=17797"}],"curies":[{"name":"wp","href":"https:\/\/api.w.org\/{rel}","templated":true}]}}