{"id":32,"date":"2017-03-13T14:56:14","date_gmt":"2017-03-13T18:56:14","guid":{"rendered":"http:\/\/www.janesfoods.com\/?page_id=32\/"},"modified":"2018-09-12T12:38:03","modified_gmt":"2018-09-12T16:38:03","slug":"sustainability","status":"publish","type":"page","link":"https:\/\/www.janesfoods.com\/fr\/sustainability\/","title":{"rendered":"Durabilit\u00e9"},"content":{"rendered":"<h2>P\u00caCHE DURABLE<\/h2>\n<p><strong>\u00ab Notre engagement \u00e0 trouver du poisson et des fruits de mer issus d&rsquo;une source durable est aussi profond que les oc\u00e9ans sur lesquels nous comptons. \u00bb<\/strong><\/p>\n<p>&#8211; Aliments Janes<\/p>\n<p>Chez Janes, le bien-\u00eatre et l&rsquo;harmonie existant entre nos p\u00eacheries et nos collectivit\u00e9s reposent sur une vision \u00e0 long terme qui nous passionne. Cet engagement a commenc\u00e9 au d\u00e9but des ann\u00e9es 1990, lorsque nous avons propos\u00e9 des emballages recyclables, bien avant que la tendance au \u00ab vert \u00bb ne devienne une motivation pour toutes les entreprises. Il se poursuit aujourd&rsquo;hui gr\u00e2ce aux efforts novateurs de Janes \u00e0 s&rsquo;approvisionner \u00e0 partir de p\u00eacheries durables du monde entier.<\/p>\n<p><strong>Engagement de Janes \u00e0 l&rsquo;\u00e9gard des pratiques durables<\/strong><\/p>\n<p>Janes s&rsquo;est engag\u00e9e \u00e0 adopter des pratiques durables qui figurent \u00e0 l&rsquo;avant-garde des priorit\u00e9s strat\u00e9giques de Janes. En f\u00e9vrier 2011, Janes est devenue la premi\u00e8re entreprise de marque de produits de la mer en Am\u00e9rique du Nord dont 100 % de ses produits de la mer vendus au d\u00e9tail sont certifi\u00e9s par le Marine Stewardship Council (MSC). Janes est fi\u00e8re de cette r\u00e9ussite et travaille actuellement, en collaboration avec le public et d&rsquo;autres organismes, \u00e0 sensibiliser davantage \u00e0 l&rsquo;importance primordiale de pouvoir disposer d&rsquo;oc\u00e9ans sains.<\/p>\n<p>Chez Janes, le bien-\u00eatre et l&rsquo;harmonie existant entre nos p\u00eacheries et nos collectivit\u00e9s reposent sur une vision \u00e0 long terme qui nous passionne.<\/p>\n<p><strong>Trois fa\u00e7ons dont Janes garantit des pratiques de p\u00eache et de production conformes sur le plan \u00e9thique<\/strong><\/p>\n<p>Aliments Janes respecte de fa\u00e7on syst\u00e9matique le processus en trois \u00e9tapes suivant, lequel permet de garantir des pratiques de p\u00eache et de production de produits de la mer congel\u00e9s vendus au d\u00e9tail conformes sur le plan \u00e9thique :<\/p>\n<ol>\n<li>Contr\u00f4le de la qualit\u00e9 : Ce processus de contr\u00f4le de la qualit\u00e9 en plusieurs \u00e9tapes se concentre sur la cha\u00eene de tra\u00e7abilit\u00e9 entre le bateau de p\u00eache et l&rsquo;assiette du consommateur, depuis le contr\u00f4le des mati\u00e8res premi\u00e8res jusqu&rsquo;au produit fini. Il comprend \u00e9galement une v\u00e9rification compl\u00e8te de la production.<\/li>\n<li>Tra\u00e7abilit\u00e9 : Parall\u00e8lement au contr\u00f4le de la qualit\u00e9, les rapports de contr\u00f4le de Janes fournissent une tra\u00e7abilit\u00e9 compl\u00e8te pour chaque produit.<\/li>\n<li>Certification : Janes se procure tous ses poissons et fruits de mer p\u00each\u00e9s \u00e0 l&rsquo;\u00e9tat sauvage aupr\u00e8s de p\u00eacheries certifi\u00e9es de fa\u00e7on ind\u00e9pendante, selon la norme mondiale du Marine Stewardship Council (MSC) s&rsquo;appliquant aux p\u00eacheries durables et bien g\u00e9r\u00e9es.<\/li>\n<\/ol>\n<p><strong>\u00c0 PROPOS DU MSC<\/strong><\/p>\n<p>Le Marine Stewardship Council (MSC) s&rsquo;inscrit comme la principale norme environnementale mondiale en mati\u00e8re de p\u00eache responsable. Cet organisme international sans but lucratif a pour mission d\u2019inverser la tendance \u00e0 la baisse des stocks mondiaux de poissons et d\u2019assurer que les produits de la mer portant le label MSC proviennent d\u2019une p\u00eache durable (du bateau de p\u00eache \u00e0 l&rsquo;assiette du consommateur).<\/p>\n<p>Les poissons portant le logo bleu MSC sont certifi\u00e9s comme provenant d&rsquo;une p\u00eacherie certifi\u00e9e durable et bien g\u00e9r\u00e9e. Le logo MSC indique \u00e9galement que la cha\u00eene de contr\u00f4le, du bateau de p\u00eache \u00e0 l&rsquo;assiette du consommateur, est tra\u00e7able. Cela garantit que le poisson provient effectivement d&rsquo;une source durable.<\/p>\n<p>Si vous souhaitez vous plonger dans l&rsquo;histoire de la certification MSC, visionnez ce film &gt; &gt;<\/p>\n<div class=\"embed-responsive embed-responsive-16by9\"><iframe class=\"embed-responsive-item\" src=\"https:\/\/www.youtube.com\/embed\/3rVeSBdpO6Q\" width=\"100%\" height=\"100%\" frameborder=\"0\" allowfullscreen=\"allowfullscreen\"><\/iframe><\/div>\n<p>&nbsp;<\/p>\n<p>Quelle est la signification du label MSC?<\/p>\n<div class=\"pure-g sustainability-container\">\n<div class=\"pure-u-1 pure-u-lg-1-3\">1. Stocks de poisson durables<\/p>\n<div class=\"embed-responsive embed-responsive-16by9\"><iframe class=\"embed-responsive-item\" src=\"https:\/\/www.youtube.com\/embed\/MVD8INZwaU0\" width=\"100%\" height=\"100%\" frameborder=\"0\" allowfullscreen=\"allowfullscreen\"><\/iframe><\/div>\n<\/div>\n<div class=\"pure-u-1 pure-u-lg-1-3\">2. Esp\u00e8ces et habitats marins prot\u00e9g\u00e9s<\/p>\n<div class=\"embed-responsive embed-responsive-16by9\"><iframe class=\"embed-responsive-item\" src=\"https:\/\/www.youtube.com\/embed\/s1jg8-LZXws\" width=\"100%\" height=\"100%\" frameborder=\"0\" allowfullscreen=\"allowfullscreen\"><\/iframe><\/div>\n<\/div>\n<div class=\"pure-u-1 pure-u-lg-1-3\">3. La p\u00eacherie est bien g\u00e9r\u00e9e<\/p>\n<div class=\"embed-responsive embed-responsive-16by9\"><iframe class=\"embed-responsive-item\" src=\"https:\/\/www.youtube.com\/embed\/YEzIFKZU_WE\" width=\"100%\" height=\"100%\" frameborder=\"0\" allowfullscreen=\"allowfullscreen\"><\/iframe><\/div>\n<\/div>\n<\/div>\n<p><strong>Qui profite de la certification MSC?<\/strong><\/p>\n<p><strong>Les consommateurs<\/strong><\/p>\n<p>Le logo MSC indique aux consommateurs que le poisson certifi\u00e9 peut \u00eatre retrac\u00e9 \u00e0 travers toute la cha\u00eene d&rsquo;approvisionnement jusqu&rsquo;\u00e0 la p\u00eacherie source, c&rsquo;est-\u00e0-dire du bateau de p\u00eache jusqu&rsquo;\u00e0 l&rsquo;assiette du consommateur. L&rsquo;\u00e9co\u00e9tiquette MSC constitue \u00e9galement une solution simple pour les consommateurs qui recherchent des produits de la mer issus de sources durables, et elle r\u00e9compense ceux faisant partie de la cha\u00eene d&rsquo;approvisionnement qui font preuve de leadership en mati\u00e8re de d\u00e9veloppement durable.<\/p>\n<p><strong>Moyens de subsistance li\u00e9s \u00e0 la production poissonni\u00e8re<\/strong><\/p>\n<p>La protection des stocks de poissons par le biais de la certification de pratiques de p\u00eache durables contribue \u00e0 prot\u00e9ger les moyens de subsistance de nombreuses personnes engag\u00e9es dans la production poissonni\u00e8re, du bateau de p\u00eache \u00e0 l&rsquo;assiette du consommateur.<\/p>\n<p><strong>Les oc\u00e9ans<\/strong><\/p>\n<p>La p\u00eache durable contribue \u00e0 prot\u00e9ger l&rsquo;\u00e9cosyst\u00e8me marin. On estime que 75 % des stocks de poissons dans le monde sont exploit\u00e9s, \u00e9puis\u00e9s ou surexploit\u00e9s. (Source : Organisation des Nations Unies pour l\u2019alimentation et l\u2019agriculture &#8211; FAO)<\/p>\n<p>Liens : <a href=\"https:\/\/www.msc.org\/\">https:\/\/www.msc.org\/<\/a><\/p>\n","protected":false},"excerpt":{"rendered":"<p>P\u00caCHE DURABLE \u00ab Notre engagement \u00e0 trouver du poisson et des fruits de mer issus d&rsquo;une source durable est aussi profond que les oc\u00e9ans sur lesquels nous comptons. \u00bb &#8211; Aliments Janes Chez Janes, le bien-\u00eatre et l&rsquo;harmonie existant entre nos p\u00eacheries et nos collectivit\u00e9s reposent sur une vision \u00e0 long terme qui nous passionne. &hellip; <\/p>\n<p class=\"link-more\"><a href=\"https:\/\/www.janesfoods.com\/fr\/sustainability\/\" class=\"more-link\">Continue reading<span class=\"screen-reader-text\"> \u00ab\u00a0Durabilit\u00e9\u00a0\u00bb<\/span><\/a><\/p>\n","protected":false},"author":1,"featured_media":0,"parent":0,"menu_order":0,"comment_status":"closed","ping_status":"closed","template":"page-full.php","meta":{"_seopress_robots_primary_cat":"","footnotes":""},"class_list":["post-32","page","type-page","status-publish","hentry"],"acf":[],"_links":{"self":[{"href":"https:\/\/www.janesfoods.com\/fr\/wp-json\/wp\/v2\/pages\/32","targetHints":{"allow":["GET"]}}],"collection":[{"href":"https:\/\/www.janesfoods.com\/fr\/wp-json\/wp\/v2\/pages"}],"about":[{"href":"https:\/\/www.janesfoods.com\/fr\/wp-json\/wp\/v2\/types\/page"}],"author":[{"embeddable":true,"href":"https:\/\/www.janesfoods.com\/fr\/wp-json\/wp\/v2\/users\/1"}],"replies":[{"embeddable":true,"href":"https:\/\/www.janesfoods.com\/fr\/wp-json\/wp\/v2\/comments?post=32"}],"version-history":[{"count":2,"href":"https:\/\/www.janesfoods.com\/fr\/wp-json\/wp\/v2\/pages\/32\/revisions"}],"predecessor-version":[{"id":1200,"href":"https:\/\/www.janesfoods.com\/fr\/wp-json\/wp\/v2\/pages\/32\/revisions\/1200"}],"wp:attachment":[{"href":"https:\/\/www.janesfoods.com\/fr\/wp-json\/wp\/v2\/media?parent=32"}],"curies":[{"name":"wp","href":"https:\/\/api.w.org\/{rel}","templated":true}]}}