{"id":35,"date":"2017-03-13T15:12:55","date_gmt":"2017-03-13T19:12:55","guid":{"rendered":"http:\/\/www.janesfoods.com\/?page_id=35\/"},"modified":"2018-09-12T13:12:02","modified_gmt":"2018-09-12T17:12:02","slug":"about","status":"publish","type":"page","link":"https:\/\/www.janesfoods.com\/fr\/about\/","title":{"rendered":"\u00c0 propos de Janes"},"content":{"rendered":"<h2>LA SOCI\u00c9T\u00c9<\/h2>\n<p>Janes est fi\u00e8re d&rsquo;\u00eatre canadienne et de servir le march\u00e9 canadien. Nous sommes ravis que le Canada nous ait choisis parmi les meilleurs vendeurs au pays! Janes fabrique des produits de qualit\u00e9 sup\u00e9rieure dans des installations approuv\u00e9es par l&rsquo;Agence canadienne d&rsquo;inspection des aliments (ACIA) et situ\u00e9es dans la r\u00e9gion du Grand Toronto. Parce qu&rsquo;elle s\u00e9lectionne uniquement les meilleurs ingr\u00e9dients, Janes fabrique des produits visant \u00e0 garantir la meilleure qualit\u00e9 qui soit. Nous comprenons que les familles canadiennes veulent des solutions de repas rapides et faciles en toutes occasions, et nous sommes fiers de dire qu&rsquo;avec Janes, vous \u00eates pr\u00eat \u00e0 tout!<\/p>\n<h2>QUALIT\u00c9<\/h2>\n<p>Nous n&rsquo;aurions pas pu nous appeler \u00ab Family Foods \u00bb si nous n&rsquo;avions pas accord\u00e9 la plus haute importance \u00e0 la qualit\u00e9. Nous poss\u00e9dons et exploitons des installations de fabrication de pointe ici, au Canada, et nous appliquons des mesures compl\u00e8tes de contr\u00f4le de la qualit\u00e9 et de s\u00e9curit\u00e9 \u00e0 l\u2019ensemble de notre cha\u00eene d\u2019approvisionnement.<\/p>\n<p>Tout ce que nous mettons sur le march\u00e9 est \u00e0 la fois contr\u00f4l\u00e9 par l&rsquo;Agence canadienne d&rsquo;inspection des aliments et par le syst\u00e8me HACCP (analyse des risques aux points critiques), la norme de r\u00e9f\u00e9rence mondiale en mati\u00e8re de salubrit\u00e9 des aliments.<\/p>\n<p>Pour de plus amples renseignements relatifs \u00e0 l&rsquo;assurance de la qualit\u00e9 de Janes, veuillez consulter notre <a href=\"\/fr\/faq\/\">Foire aux questions<\/a>.<\/p>\n<h2>L\u2019ENVIRONNEMENT<\/h2>\n<p>Tous les produits Janes sont emball\u00e9s dans des contenants respectueux de l&rsquo;environnement, faits de carton GreenChoice 100 fait de mat\u00e9riaux recycl\u00e9s \u00e0 100 %, et qui sont recyclables, biod\u00e9gradables et compostables \u00e0 100 %.<\/p>\n","protected":false},"excerpt":{"rendered":"<p>LA SOCI\u00c9T\u00c9 Janes est fi\u00e8re d&rsquo;\u00eatre canadienne et de servir le march\u00e9 canadien. Nous sommes ravis que le Canada nous ait choisis parmi les meilleurs vendeurs au pays! Janes fabrique des produits de qualit\u00e9 sup\u00e9rieure dans des installations approuv\u00e9es par l&rsquo;Agence canadienne d&rsquo;inspection des aliments (ACIA) et situ\u00e9es dans la r\u00e9gion du Grand Toronto. Parce &hellip; <\/p>\n<p class=\"link-more\"><a href=\"https:\/\/www.janesfoods.com\/fr\/about\/\" class=\"more-link\">Continue reading<span class=\"screen-reader-text\"> \u00ab\u00a0\u00c0 propos de Janes\u00a0\u00bb<\/span><\/a><\/p>\n","protected":false},"author":1,"featured_media":0,"parent":0,"menu_order":0,"comment_status":"closed","ping_status":"closed","template":"page-full.php","meta":{"_seopress_robots_primary_cat":"","footnotes":""},"class_list":["post-35","page","type-page","status-publish","hentry"],"acf":[],"_links":{"self":[{"href":"https:\/\/www.janesfoods.com\/fr\/wp-json\/wp\/v2\/pages\/35","targetHints":{"allow":["GET"]}}],"collection":[{"href":"https:\/\/www.janesfoods.com\/fr\/wp-json\/wp\/v2\/pages"}],"about":[{"href":"https:\/\/www.janesfoods.com\/fr\/wp-json\/wp\/v2\/types\/page"}],"author":[{"embeddable":true,"href":"https:\/\/www.janesfoods.com\/fr\/wp-json\/wp\/v2\/users\/1"}],"replies":[{"embeddable":true,"href":"https:\/\/www.janesfoods.com\/fr\/wp-json\/wp\/v2\/comments?post=35"}],"version-history":[{"count":1,"href":"https:\/\/www.janesfoods.com\/fr\/wp-json\/wp\/v2\/pages\/35\/revisions"}],"predecessor-version":[{"id":1224,"href":"https:\/\/www.janesfoods.com\/fr\/wp-json\/wp\/v2\/pages\/35\/revisions\/1224"}],"wp:attachment":[{"href":"https:\/\/www.janesfoods.com\/fr\/wp-json\/wp\/v2\/media?parent=35"}],"curies":[{"name":"wp","href":"https:\/\/api.w.org\/{rel}","templated":true}]}}