{"id":38,"date":"2017-03-13T15:44:48","date_gmt":"2017-03-13T19:44:48","guid":{"rendered":"http:\/\/www.janesfoods.com\/?page_id=38\/"},"modified":"2018-09-12T12:51:37","modified_gmt":"2018-09-12T16:51:37","slug":"where-to-buy","status":"publish","type":"page","link":"https:\/\/www.janesfoods.com\/fr\/where-to-buy\/","title":{"rendered":"O\u00f9 acheter"},"content":{"rendered":"<p>Utilisez notre localisateur de produits ci-dessous pour trouver les d\u00e9taillants de votre r\u00e9gion qui offrent les produits Janes<sup>\u00ae<\/sup>.<\/p>\n","protected":false},"excerpt":{"rendered":"<p>Utilisez notre localisateur de produits ci-dessous pour trouver les d\u00e9taillants de votre r\u00e9gion qui offrent les produits Janes\u00ae.<\/p>\n","protected":false},"author":1,"featured_media":0,"parent":0,"menu_order":0,"comment_status":"closed","ping_status":"closed","template":"page-locator.php","meta":{"_seopress_robots_primary_cat":"","footnotes":""},"class_list":["post-38","page","type-page","status-publish","hentry"],"acf":[],"_links":{"self":[{"href":"https:\/\/www.janesfoods.com\/fr\/wp-json\/wp\/v2\/pages\/38","targetHints":{"allow":["GET"]}}],"collection":[{"href":"https:\/\/www.janesfoods.com\/fr\/wp-json\/wp\/v2\/pages"}],"about":[{"href":"https:\/\/www.janesfoods.com\/fr\/wp-json\/wp\/v2\/types\/page"}],"author":[{"embeddable":true,"href":"https:\/\/www.janesfoods.com\/fr\/wp-json\/wp\/v2\/users\/1"}],"replies":[{"embeddable":true,"href":"https:\/\/www.janesfoods.com\/fr\/wp-json\/wp\/v2\/comments?post=38"}],"version-history":[{"count":2,"href":"https:\/\/www.janesfoods.com\/fr\/wp-json\/wp\/v2\/pages\/38\/revisions"}],"predecessor-version":[{"id":1221,"href":"https:\/\/www.janesfoods.com\/fr\/wp-json\/wp\/v2\/pages\/38\/revisions\/1221"}],"wp:attachment":[{"href":"https:\/\/www.janesfoods.com\/fr\/wp-json\/wp\/v2\/media?parent=38"}],"curies":[{"name":"wp","href":"https:\/\/api.w.org\/{rel}","templated":true}]}}