{"id":69,"date":"2017-03-14T11:15:13","date_gmt":"2017-03-14T15:15:13","guid":{"rendered":"http:\/\/www.janesfoods.com\/?page_id=69\/"},"modified":"2025-06-13T09:59:12","modified_gmt":"2025-06-13T13:59:12","slug":"contact-us","status":"publish","type":"page","link":"https:\/\/www.janesfoods.com\/fr\/contact-us\/","title":{"rendered":"Contacter"},"content":{"rendered":"<p>Janes Family Foods Ltd. (poss\u00e9d\u00e9e et exploit\u00e9e par Sofina Foods Inc., ci-apr\u00e8s nomm\u00e9e \u00ab Janes \u00bb), dans le cadre de son engagement continu \u00e0 l&rsquo;\u00e9gard du service \u00e0 la client\u00e8le, de la qualit\u00e9 et de l&rsquo;am\u00e9lioration continue, stocke les renseignements relatifs aux appelants dans une base de donn\u00e9es priv\u00e9e. Ces renseignements sont utilis\u00e9s dans le cadre du suivi des clients, de la correspondance, de la r\u00e9solution des demandes de renseignements et des rapports statistiques.<\/p>\n<p><strong><em>\u00c0 la demande d\u2019une consommatrice ou d\u2019un consommateur, nous pouvons lui r\u00e9pondre par divers moyens de communication, y compris la poste, le t\u00e9l\u00e9phone, le courriel et la messagerie texte.<\/em><\/strong><\/p>\n<p><strong>Consentement :<\/strong><br \/>\nPour que Janes puisse r\u00e9pondre \u00e0 votre demande, vous devez fournir les renseignements demand\u00e9s ci-dessous et autoriser Janes \u00e0 stocker et \u00e0 utiliser ces renseignements \u00e0 des fins de relations client\u00e8le et de r\u00e9solution de demandes de renseignements.<\/p>\n<p id=\"coupon\"><strong>Demandes relatives aux coupons :<\/strong><br \/>\nVeuillez noter que Janes ne fournit pas de coupons sur demande. Pour de plus amples renseignements relatifs \u00e0 notre politique s&rsquo;appliquant aux coupons, veuillez consulter notre page <a href=\"\/fr\/privacy-policy\/\">Confidentialit\u00e9 et politiques<\/a>.<\/p>\n","protected":false},"excerpt":{"rendered":"<p>Janes Family Foods Ltd. (poss\u00e9d\u00e9e et exploit\u00e9e par Sofina Foods Inc., ci-apr\u00e8s nomm\u00e9e \u00ab Janes \u00bb), dans le cadre de son engagement continu \u00e0 l&rsquo;\u00e9gard du service \u00e0 la client\u00e8le, de la qualit\u00e9 et de l&rsquo;am\u00e9lioration continue, stocke les renseignements relatifs aux appelants dans une base de donn\u00e9es priv\u00e9e. Ces renseignements sont utilis\u00e9s dans le &hellip; <\/p>\n<p class=\"link-more\"><a href=\"https:\/\/www.janesfoods.com\/fr\/contact-us\/\" class=\"more-link\">Continue reading<span class=\"screen-reader-text\"> \u00ab\u00a0Contacter\u00a0\u00bb<\/span><\/a><\/p>\n","protected":false},"author":1,"featured_media":0,"parent":0,"menu_order":0,"comment_status":"closed","ping_status":"closed","template":"page-contact.php","meta":{"_seopress_robots_primary_cat":"","footnotes":""},"class_list":["post-69","page","type-page","status-publish","hentry"],"acf":[],"_links":{"self":[{"href":"https:\/\/www.janesfoods.com\/fr\/wp-json\/wp\/v2\/pages\/69","targetHints":{"allow":["GET"]}}],"collection":[{"href":"https:\/\/www.janesfoods.com\/fr\/wp-json\/wp\/v2\/pages"}],"about":[{"href":"https:\/\/www.janesfoods.com\/fr\/wp-json\/wp\/v2\/types\/page"}],"author":[{"embeddable":true,"href":"https:\/\/www.janesfoods.com\/fr\/wp-json\/wp\/v2\/users\/1"}],"replies":[{"embeddable":true,"href":"https:\/\/www.janesfoods.com\/fr\/wp-json\/wp\/v2\/comments?post=69"}],"version-history":[{"count":3,"href":"https:\/\/www.janesfoods.com\/fr\/wp-json\/wp\/v2\/pages\/69\/revisions"}],"predecessor-version":[{"id":16351,"href":"https:\/\/www.janesfoods.com\/fr\/wp-json\/wp\/v2\/pages\/69\/revisions\/16351"}],"wp:attachment":[{"href":"https:\/\/www.janesfoods.com\/fr\/wp-json\/wp\/v2\/media?parent=69"}],"curies":[{"name":"wp","href":"https:\/\/api.w.org\/{rel}","templated":true}]}}