{"id":83,"date":"2017-03-14T17:11:32","date_gmt":"2017-03-14T21:11:32","guid":{"rendered":"http:\/\/www.janesfoods.com\/?page_id=83\/"},"modified":"2024-08-20T16:18:18","modified_gmt":"2024-08-20T20:18:18","slug":"our-products","status":"publish","type":"page","link":"https:\/\/www.janesfoods.com\/fr\/our-products\/","title":{"rendered":"Nos produits"},"content":{"rendered":"<p>M\u00eame s&rsquo;il difficile de plaire \u00e0 tous les membres de la famille, cette mission n&rsquo;est pas impossible du tout si vous garnissez votre cong\u00e9lateur de produits Janes. En ayant \u00e0 disposition des filets entiers et savoureux, de bonnes grosses bouch\u00e9es et des choix de collations pour les plus petits, vous serez pr\u00eat en tout temps pour pr\u00e9parer, facilement et rapidement, une d\u00e9licieuse solution-repas.<\/p>\n","protected":false},"excerpt":{"rendered":"<p>M\u00eame s&rsquo;il difficile de plaire \u00e0 tous les membres de la famille, cette mission n&rsquo;est pas impossible du tout si vous garnissez votre cong\u00e9lateur de produits Janes. En ayant \u00e0 disposition des filets entiers et savoureux, de bonnes grosses bouch\u00e9es et des choix de collations pour les plus petits, vous serez pr\u00eat en tout temps &hellip; <\/p>\n<p class=\"link-more\"><a href=\"https:\/\/www.janesfoods.com\/fr\/our-products\/\" class=\"more-link\">Continue reading<span class=\"screen-reader-text\"> \u00ab\u00a0Nos produits\u00a0\u00bb<\/span><\/a><\/p>\n","protected":false},"author":1,"featured_media":0,"parent":0,"menu_order":0,"comment_status":"closed","ping_status":"closed","template":"page-products.php","meta":{"_seopress_robots_primary_cat":"","footnotes":""},"class_list":["post-83","page","type-page","status-publish","hentry"],"acf":[],"_links":{"self":[{"href":"https:\/\/www.janesfoods.com\/fr\/wp-json\/wp\/v2\/pages\/83","targetHints":{"allow":["GET"]}}],"collection":[{"href":"https:\/\/www.janesfoods.com\/fr\/wp-json\/wp\/v2\/pages"}],"about":[{"href":"https:\/\/www.janesfoods.com\/fr\/wp-json\/wp\/v2\/types\/page"}],"author":[{"embeddable":true,"href":"https:\/\/www.janesfoods.com\/fr\/wp-json\/wp\/v2\/users\/1"}],"replies":[{"embeddable":true,"href":"https:\/\/www.janesfoods.com\/fr\/wp-json\/wp\/v2\/comments?post=83"}],"version-history":[{"count":2,"href":"https:\/\/www.janesfoods.com\/fr\/wp-json\/wp\/v2\/pages\/83\/revisions"}],"predecessor-version":[{"id":1459,"href":"https:\/\/www.janesfoods.com\/fr\/wp-json\/wp\/v2\/pages\/83\/revisions\/1459"}],"wp:attachment":[{"href":"https:\/\/www.janesfoods.com\/fr\/wp-json\/wp\/v2\/media?parent=83"}],"curies":[{"name":"wp","href":"https:\/\/api.w.org\/{rel}","templated":true}]}}