{"id":976,"date":"2018-06-19T15:30:02","date_gmt":"2018-06-19T19:30:02","guid":{"rendered":"http:\/\/www.janesfoods.com\/promotions\/"},"modified":"2020-01-30T16:03:36","modified_gmt":"2020-01-30T21:03:36","slug":"contests","status":"publish","type":"page","link":"https:\/\/www.janesfoods.com\/fr\/contests\/","title":{"rendered":"Concours"},"content":{"rendered":"\n<div class=\"wp-block-image\"><figure class=\"aligncenter\"><a href=\"https:\/\/hc.hockey\/3awD8l9\"><img fetchpriority=\"high\" decoding=\"async\" width=\"1024\" height=\"319\" src=\"https:\/\/www.janesfoods.com\/wp-content\/uploads\/Janes__MaskContest_ENTER-PAGE_FR-1024x319.png\" alt=\"\" class=\"wp-image-1737\"\/><\/a><figcaption> <br> <br> D\u2019ici au 17 f\u00e9vrier 2020, soumettez le dessin original du masque de gardienne de but de votre enfant pour courir la chance de voir les gardiennes de but d\u2019\u00c9quipe Canada au Championnat mondial f\u00e9minin 2020 de l&rsquo;IIHF arborer son \u0153uvre d\u2019art sur leur masque.<br> <br> Deux dessins seront s\u00e9lectionn\u00e9s et chaque trousse de prix comprendra :<br> \u2022Un voyage pour quatre (4) personnes \u00e0 Halifax pour un match du Championnat mondial f\u00e9minin de l&rsquo;IIHF, qui aura lieu du 31 mars au 10 avril 2020..<br> \u2022Une r\u00e9plique autographi\u00e9e du masque de gardienne de but d\u2019\u00c9quipe Canada arborant le dessin s\u00e9lectionn\u00e9.<br> \u2022Un chandail d\u2019\u00c9quipe Canada.<br> \u2022Un ensemble cadeau Janes d\u2019une valeur de 250 $.<br> \u00a0<br> * Il faut \u00eatre \u00e2g\u00e9 de moins de 18 ans pour \u00eatre admissible \u00e0 dessiner un masque; le concours prend fin le 17 f\u00e9vrier 2020 <\/figcaption><\/figure><\/div>\n","protected":false},"excerpt":{"rendered":"","protected":false},"author":1,"featured_media":0,"parent":0,"menu_order":0,"comment_status":"closed","ping_status":"closed","template":"","meta":{"_seopress_robots_primary_cat":"","footnotes":""},"class_list":["post-976","page","type-page","status-publish","hentry"],"acf":[],"_links":{"self":[{"href":"https:\/\/www.janesfoods.com\/fr\/wp-json\/wp\/v2\/pages\/976","targetHints":{"allow":["GET"]}}],"collection":[{"href":"https:\/\/www.janesfoods.com\/fr\/wp-json\/wp\/v2\/pages"}],"about":[{"href":"https:\/\/www.janesfoods.com\/fr\/wp-json\/wp\/v2\/types\/page"}],"author":[{"embeddable":true,"href":"https:\/\/www.janesfoods.com\/fr\/wp-json\/wp\/v2\/users\/1"}],"replies":[{"embeddable":true,"href":"https:\/\/www.janesfoods.com\/fr\/wp-json\/wp\/v2\/comments?post=976"}],"version-history":[{"count":6,"href":"https:\/\/www.janesfoods.com\/fr\/wp-json\/wp\/v2\/pages\/976\/revisions"}],"predecessor-version":[{"id":1759,"href":"https:\/\/www.janesfoods.com\/fr\/wp-json\/wp\/v2\/pages\/976\/revisions\/1759"}],"wp:attachment":[{"href":"https:\/\/www.janesfoods.com\/fr\/wp-json\/wp\/v2\/media?parent=976"}],"curies":[{"name":"wp","href":"https:\/\/api.w.org\/{rel}","templated":true}]}}